{"id":119,"date":"2019-01-24T15:54:08","date_gmt":"2019-01-24T15:54:08","guid":{"rendered":"http:\/\/calmdaddy.com\/?page_id=119"},"modified":"2022-05-15T13:24:43","modified_gmt":"2022-05-15T12:24:43","slug":"contact","status":"publish","type":"page","link":"https:\/\/yourecofactory.com\/de\/contact\/","title":{"rendered":"Kontakt"},"content":{"rendered":"\n<figure class=\"wp-block-image\"><img loading=\"lazy\" decoding=\"async\" width=\"640\" height=\"426\" src=\"https:\/\/calmdaddy.com\/wp-content\/uploads\/2019\/01\/typewriter-640.jpeg\" alt=\"Kontakt\" class=\"wp-image-178\" srcset=\"https:\/\/yourecofactory.com\/wp-content\/uploads\/2019\/01\/typewriter-640.jpeg 640w, https:\/\/yourecofactory.com\/wp-content\/uploads\/2019\/01\/typewriter-640-300x200.jpeg 300w\" sizes=\"(max-width: 640px) 100vw, 640px\" \/><\/figure>\n\n\n\n<div class=\"wp-block-columns is-layout-flex wp-container-core-columns-layout-1 wp-block-columns-is-layout-flex\">\n<div class=\"wp-block-column is-layout-flow wp-block-column-is-layout-flow\">\n<p><strong>Hauptsitz:<\/strong><br>Eco Factory s.r.o.<br>Klincov\u00e1 34<br>82108 Bratislava<br>Slovakia<br>I\u010cO: 52 717 941<br>DI\u010c: 2121183658<br>I\u010c DPH (USt-IdNr.): SK2121183658<\/p>\n\n\n\n<p><strong>E-mail: <\/strong><span \n                data-original-string=\"WaX41\/0TB\/dMf3cJXZ\/n+1tN8M6IjgiCz7c2WJbzyks=\"\n                class=\"apbct-email-encoder\"\n                title=\"This contact has been encoded by Anti-Spam by CleanTalk. Click to decode. To finish the decoding make sure that JavaScript is enabled in your browser.\">co*****@yo************.com<\/span><\/p>\n<\/div>\n\n\n\n<div class=\"wp-block-column is-layout-flow wp-block-column-is-layout-flow\">\n<p><strong>CH Office:<\/strong><br>Eco Factory<br>Anemonenstrasse 40f<br>8047 Z\u00fcrich<br>Schweiz<\/p>\n<\/div>\n<\/div>\n\n\n\n<figure><iframe loading=\"lazy\" src=\"https:\/\/www.google.com\/maps\/embed?pb=!1m18!1m12!1m3!1d2661.7045580791023!2d17.139769015528547!3d48.154500779224826!2m3!1f0!2f0!3f0!3m2!1i1024!2i768!4f13.1!3m3!1m2!1s0x476c893292071603%3A0x72d5cb120e7e373b!2sKlincov%C3%A1%2034%2C%20821%2008%20Bratislava%2C%20Slovakia!5e0!3m2!1sen!2sch!4v1587157512792!5m2!1sen!2sch\" width=\"600\" height=\"300\" allowfullscreen=\"\"><\/iframe><\/figure>\n\n\n\n<p><\/p>\n","protected":false},"excerpt":{"rendered":"<p>Hauptsitz:Eco Factory s.r.o.Klincov\u00e1 3482108 BratislavaSlovakiaI\u010cO: 52 717 941DI\u010c: 2121183658I\u010c DPH (USt-IdNr.): SK2121183658 E-mail: co*****@yo************.com CH Office:Eco FactoryAnemonenstrasse 40f8047 Z\u00fcrichSchweiz<\/p>\n","protected":false},"author":1,"featured_media":0,"parent":0,"menu_order":0,"comment_status":"closed","ping_status":"closed","template":"","meta":{"footnotes":""},"aioseo_notices":[],"_links":{"self":[{"href":"https:\/\/yourecofactory.com\/de\/wp-json\/wp\/v2\/pages\/119"}],"collection":[{"href":"https:\/\/yourecofactory.com\/de\/wp-json\/wp\/v2\/pages"}],"about":[{"href":"https:\/\/yourecofactory.com\/de\/wp-json\/wp\/v2\/types\/page"}],"author":[{"embeddable":true,"href":"https:\/\/yourecofactory.com\/de\/wp-json\/wp\/v2\/users\/1"}],"replies":[{"embeddable":true,"href":"https:\/\/yourecofactory.com\/de\/wp-json\/wp\/v2\/comments?post=119"}],"version-history":[{"count":53,"href":"https:\/\/yourecofactory.com\/de\/wp-json\/wp\/v2\/pages\/119\/revisions"}],"predecessor-version":[{"id":1039,"href":"https:\/\/yourecofactory.com\/de\/wp-json\/wp\/v2\/pages\/119\/revisions\/1039"}],"wp:attachment":[{"href":"https:\/\/yourecofactory.com\/de\/wp-json\/wp\/v2\/media?parent=119"}],"curies":[{"name":"wp","href":"https:\/\/api.w.org\/{rel}","templated":true}]}}