{"id":872,"date":"2021-10-22T20:56:54","date_gmt":"2021-10-22T19:56:54","guid":{"rendered":"https:\/\/yourecofactory.com\/?page_id=872"},"modified":"2022-05-15T13:21:50","modified_gmt":"2022-05-15T12:21:50","slug":"beeswax-wrap-for-bread","status":"publish","type":"page","link":"https:\/\/yourecofactory.com\/de\/beeswax-wrap-for-bread\/","title":{"rendered":"Bienenwachsbrottuch"},"content":{"rendered":"\n<p>Unser neustes Produkt <strong>Bienenwachsbrottuch<\/strong> kam gerade raus. <\/p>\n\n\n\n<p>Unser <strong>PREMIUM XXL BIENENWACHSTUCH<\/strong> f\u00fc Brote wird in der praktischen XXL Gr\u00f6\u00dfe 47x60cm geliefert. <\/p>\n\n\n\n<p>Das reicht super um j<strong>ede Art von Brot, Br\u00f6tchen oder Zopf<\/strong> bequem und ohne Plastik aufzubewahren. Bienenwachstuch der Deinen Brot nat\u00fcrlich sch\u00fctzt und es l\u00e4nger frisch halt.<\/p>\n\n\n\n<div class=\"wp-block-columns is-layout-flex wp-container-core-columns-layout-1 wp-block-columns-is-layout-flex\">\n<div class=\"wp-block-column is-layout-flow wp-block-column-is-layout-flow\">\n<figure class=\"wp-block-image size-large\"><img loading=\"lazy\" decoding=\"async\" width=\"1024\" height=\"1024\" src=\"https:\/\/yourecofactory.com\/wp-content\/uploads\/2022\/01\/Image-1-Main-image-1024x1024.jpg\" alt=\"Bienenwachsbrottuch\" class=\"wp-image-996\" srcset=\"https:\/\/yourecofactory.com\/wp-content\/uploads\/2022\/01\/Image-1-Main-image-1024x1024.jpg 1024w, https:\/\/yourecofactory.com\/wp-content\/uploads\/2022\/01\/Image-1-Main-image-300x300.jpg 300w, https:\/\/yourecofactory.com\/wp-content\/uploads\/2022\/01\/Image-1-Main-image-150x150.jpg 150w, https:\/\/yourecofactory.com\/wp-content\/uploads\/2022\/01\/Image-1-Main-image-768x768.jpg 768w, https:\/\/yourecofactory.com\/wp-content\/uploads\/2022\/01\/Image-1-Main-image-1536x1536.jpg 1536w, https:\/\/yourecofactory.com\/wp-content\/uploads\/2022\/01\/Image-1-Main-image-2048x2048.jpg 2048w, https:\/\/yourecofactory.com\/wp-content\/uploads\/2022\/01\/Image-1-Main-image-1920x1920.jpg 1920w, https:\/\/yourecofactory.com\/wp-content\/uploads\/2022\/01\/Image-1-Main-image-70x70.jpg 70w\" sizes=\"(max-width: 1024px) 100vw, 1024px\" \/><\/figure>\n<\/div>\n\n\n\n<div class=\"wp-block-column is-layout-flow wp-block-column-is-layout-flow\">\n<figure class=\"wp-block-image size-large\"><img loading=\"lazy\" decoding=\"async\" width=\"1024\" height=\"1024\" src=\"https:\/\/yourecofactory.com\/wp-content\/uploads\/2021\/10\/image-2-Summary-1024x1024.jpg\" alt=\"Bienenwachsbrottuch\" class=\"wp-image-877\" srcset=\"https:\/\/yourecofactory.com\/wp-content\/uploads\/2021\/10\/image-2-Summary-1024x1024.jpg 1024w, https:\/\/yourecofactory.com\/wp-content\/uploads\/2021\/10\/image-2-Summary-300x300.jpg 300w, https:\/\/yourecofactory.com\/wp-content\/uploads\/2021\/10\/image-2-Summary-150x150.jpg 150w, https:\/\/yourecofactory.com\/wp-content\/uploads\/2021\/10\/image-2-Summary-768x768.jpg 768w, https:\/\/yourecofactory.com\/wp-content\/uploads\/2021\/10\/image-2-Summary-1536x1536.jpg 1536w, https:\/\/yourecofactory.com\/wp-content\/uploads\/2021\/10\/image-2-Summary-2048x2048.jpg 2048w, https:\/\/yourecofactory.com\/wp-content\/uploads\/2021\/10\/image-2-Summary-1920x1920.jpg 1920w, https:\/\/yourecofactory.com\/wp-content\/uploads\/2021\/10\/image-2-Summary-70x70.jpg 70w\" sizes=\"(max-width: 1024px) 100vw, 1024px\" \/><\/figure>\n<\/div>\n<\/div>\n\n\n\n<div class=\"wp-block-group is-layout-flow wp-block-group-is-layout-flow\"><div class=\"wp-block-group__inner-container\">\n<div class=\"wp-block-columns is-layout-flex wp-container-core-columns-layout-2 wp-block-columns-is-layout-flex\">\n<div class=\"wp-block-column is-layout-flow wp-block-column-is-layout-flow\" style=\"flex-basis:100%\"><\/div>\n<\/div>\n<\/div><\/div>\n\n\n\n<p>Zur <strong>Herstellung <\/strong>wurde ausschlie\u00dflich Zertifizierte <strong>Bio-Baumwolle (GOTS) ohne Farbstoffe<\/strong>, <strong>Manuka Bienenwachs<\/strong> aus Australien, <strong>organisches Jojoba \u00d6l<\/strong> und <strong>Baumharz <\/strong>verwendet. Das Bienenwachsbrottuch ist <strong>anti-bakteriell<\/strong>, <strong>kompostierbar <\/strong>und <strong>bis zu 12 Monate wiederverwendbar<\/strong>.<\/p>\n\n\n\n<figure class=\"wp-block-image size-large\"><img loading=\"lazy\" decoding=\"async\" width=\"1024\" height=\"1024\" src=\"https:\/\/yourecofactory.com\/wp-content\/uploads\/2021\/10\/Image-4-Packed-Bread-1024x1024.jpg\" alt=\"Bienenwachsbrottuch\" class=\"wp-image-875\" srcset=\"https:\/\/yourecofactory.com\/wp-content\/uploads\/2021\/10\/Image-4-Packed-Bread-1024x1024.jpg 1024w, https:\/\/yourecofactory.com\/wp-content\/uploads\/2021\/10\/Image-4-Packed-Bread-300x300.jpg 300w, https:\/\/yourecofactory.com\/wp-content\/uploads\/2021\/10\/Image-4-Packed-Bread-150x150.jpg 150w, https:\/\/yourecofactory.com\/wp-content\/uploads\/2021\/10\/Image-4-Packed-Bread-768x768.jpg 768w, https:\/\/yourecofactory.com\/wp-content\/uploads\/2021\/10\/Image-4-Packed-Bread-1536x1536.jpg 1536w, https:\/\/yourecofactory.com\/wp-content\/uploads\/2021\/10\/Image-4-Packed-Bread-2048x2048.jpg 2048w, https:\/\/yourecofactory.com\/wp-content\/uploads\/2021\/10\/Image-4-Packed-Bread-1920x1920.jpg 1920w, https:\/\/yourecofactory.com\/wp-content\/uploads\/2021\/10\/Image-4-Packed-Bread-70x70.jpg 70w\" sizes=\"(max-width: 1024px) 100vw, 1024px\" \/><\/figure>\n\n\n\n<p>Einfach auspacken, mit H\u00e4nden aufw\u00e4rmen damit es weicher wird und den Brot in den Bienenwachstuch einwickeln \u2013 fertig! Eine praktische Aufbewahrung aller Brotarten &#8211; Vollkornbrot, Wei\u00dfbrot und Br\u00f6tchen, alles erlaubt.<\/p>\n\n\n\n<p>Interessiert?<\/p>\n\n\n\n<p class=\"has-text-align-center has-larger-font-size\"> <strong>Dann einfach auf <a href=\"https:\/\/www.amazon.de\/dp\/B09CNRRTNH\" target=\"_blank\" rel=\"noreferrer noopener\" title=\"https:\/\/www.amazon.de\/dp\/B09CNRRTNH\">AMAZON<\/a> Deutschland bestellen.<\/strong> <\/p>\n","protected":false},"excerpt":{"rendered":"<p>Unser neustes Produkt Bienenwachsbrottuch kam gerade raus. Unser PREMIUM XXL BIENENWACHSTUCH f\u00fc Brote wird in der praktischen XXL Gr\u00f6\u00dfe 47x60cm geliefert. Das reicht super um&hellip;<\/p>\n","protected":false},"author":1,"featured_media":0,"parent":0,"menu_order":0,"comment_status":"closed","ping_status":"closed","template":"","meta":{"footnotes":""},"aioseo_notices":[],"_links":{"self":[{"href":"https:\/\/yourecofactory.com\/de\/wp-json\/wp\/v2\/pages\/872"}],"collection":[{"href":"https:\/\/yourecofactory.com\/de\/wp-json\/wp\/v2\/pages"}],"about":[{"href":"https:\/\/yourecofactory.com\/de\/wp-json\/wp\/v2\/types\/page"}],"author":[{"embeddable":true,"href":"https:\/\/yourecofactory.com\/de\/wp-json\/wp\/v2\/users\/1"}],"replies":[{"embeddable":true,"href":"https:\/\/yourecofactory.com\/de\/wp-json\/wp\/v2\/comments?post=872"}],"version-history":[{"count":21,"href":"https:\/\/yourecofactory.com\/de\/wp-json\/wp\/v2\/pages\/872\/revisions"}],"predecessor-version":[{"id":1033,"href":"https:\/\/yourecofactory.com\/de\/wp-json\/wp\/v2\/pages\/872\/revisions\/1033"}],"wp:attachment":[{"href":"https:\/\/yourecofactory.com\/de\/wp-json\/wp\/v2\/media?parent=872"}],"curies":[{"name":"wp","href":"https:\/\/api.w.org\/{rel}","templated":true}]}}