{"id":687,"date":"2021-06-27T20:46:29","date_gmt":"2021-06-27T19:46:29","guid":{"rendered":"http:\/\/yourecofactory.com\/sk\/?page_id=687"},"modified":"2022-05-15T13:23:52","modified_gmt":"2022-05-15T12:23:52","slug":"beeswax-wraps","status":"publish","type":"page","link":"https:\/\/yourecofactory.com\/sk\/beeswax-wraps\/","title":{"rendered":"V\u010delobaly"},"content":{"rendered":"\n<p class=\"has-text-align-left\">Na\u0161e v\u010delobaly na potraviny boli vyvinut\u00e9 <strong>vo \u0160vaj\u010diarsku<\/strong>, s\u00fa <strong>FDA a LFGB certifikovan\u00e9<\/strong> pre styk s potravinami a t\u00fdm zaru\u010dene bezpe\u010dn\u00e9 pre V\u00e1s a Va\u0161u rodinu. <\/p>\n\n\n\n<figure class=\"wp-block-video\"><video autoplay controls muted src=\"https:\/\/yourecofactory.com\/wp-content\/uploads\/2021\/06\/Attachment-1620853351.mp4\" playsinline><\/video><\/figure>\n\n\n\n<p class=\"has-text-align-left\">Set obsahuje aj bavlnen\u00fa \u0161n\u00farku, gomb\u00edk a v\u010del\u00fd vosk na obnovenie obr\u00faskov. Dod\u00e1va sa v 5 praktick\u00fdch ve\u013ekostiach: 1 mal\u00fd v\u010delobal (18 x 20 cm), 3 stredn\u00fd v\u010delobal (25 x 28 cm) a 1 ve\u013ek\u00fd v\u010delobal (33 x 35 cm). Bio-obr\u00fasky s pr\u00edjemnou a pr\u00edrodnou v\u00f4\u0148ou v\u010delieho vosku.<\/p>\n\n\n\n<p>S\u00fa vyroben\u00e9 zo <strong>100% starostlivo vybran\u00fdch organick\u00fdch surov\u00edn<\/strong>, ako je <strong>certifikovan\u00e1 organick\u00e1 bavlna, pr\u00edrodn\u00fd v\u010del\u00ed vosk Manuka z Austr\u00e1lie, organick\u00fd jojobov\u00fd olej a stromov\u00e1 \u017eivica<\/strong>. S\u00fa ekologick\u00e9, bezpe\u010dn\u00e9, biologicky odb\u00farate\u013en\u00e9 a <strong>opakovane pou\u017eite\u013en\u00e9 a\u017e 12 mesiacov<\/strong>.<\/p>\n\n\n\n<figure class=\"wp-block-image size-large\"><img loading=\"lazy\" decoding=\"async\" width=\"1024\" height=\"1024\" src=\"https:\/\/yourecofactory.com\/wp-content\/uploads\/2021\/06\/Image-2-Content-1024x1024.jpg\" alt=\"V\u010delobaly\" class=\"wp-image-708\" srcset=\"https:\/\/yourecofactory.com\/wp-content\/uploads\/2021\/06\/Image-2-Content-1024x1024.jpg 1024w, https:\/\/yourecofactory.com\/wp-content\/uploads\/2021\/06\/Image-2-Content-300x300.jpg 300w, https:\/\/yourecofactory.com\/wp-content\/uploads\/2021\/06\/Image-2-Content-150x150.jpg 150w, https:\/\/yourecofactory.com\/wp-content\/uploads\/2021\/06\/Image-2-Content-768x768.jpg 768w, https:\/\/yourecofactory.com\/wp-content\/uploads\/2021\/06\/Image-2-Content.jpg 1500w\" sizes=\"(max-width: 1024px) 100vw, 1024px\" \/><\/figure>\n\n\n\n<div class=\"wp-block-columns is-layout-flex wp-container-core-columns-layout-1 wp-block-columns-is-layout-flex\">\n<div class=\"wp-block-column is-layout-flow wp-block-column-is-layout-flow\">\n<p>Obr\u00fasky z v\u010delieho vosku udr\u017eia va\u0161e jedlo a potraviny<strong> dlh\u0161ie \u010derstv\u00e9<\/strong>. Jeho kvalita zostane dlh\u0161ie lep\u0161ia. Tie\u017e syr zabalen\u00fd v na\u0161ich v\u010delobalov m\u00f4\u017eeme vlo\u017ei\u0165 do chladni\u010dky, zostane dlh\u0161ie \u010derstv\u00fd a nestr\u00e1ca svoju ar\u00f3mu. Na um\u00fdvanie pou\u017eite studen\u00fa alebo vla\u017en\u00fa vodu a jednoducho nechajte vysu\u0161it na vzduchu.<\/p>\n\n\n\n<p>Jednoducho rozba\u013ete, zaba\u013ete do obr\u00faska potraviny, polo\u017ete na misku a jemne zatla\u010dte, k\u00fdm sa obr\u00fasok trochu nezahreje. Ide\u00e1lne na ekologick\u00e9 zakrytie plechoviek, misiek alebo hrncov. <strong>Skvel\u00e1 n\u00e1hrada za plastov\u00fa f\u00f3liu na potraviny a super alternat\u00edva k alu f\u00f3lii.<\/strong><\/p>\n<\/div>\n<\/div>\n\n\n\n<figure class=\"wp-block-gallery columns-1 is-cropped wp-block-gallery-1 is-layout-flex wp-block-gallery-is-layout-flex\"><ul class=\"blocks-gallery-grid\"><li class=\"blocks-gallery-item\"><figure><img loading=\"lazy\" decoding=\"async\" width=\"1024\" height=\"1024\" src=\"https:\/\/yourecofactory.com\/wp-content\/uploads\/2021\/06\/Image-7-With-String--1024x1024.jpg\" alt=\"\" data-id=\"707\" data-full-url=\"https:\/\/yourecofactory.com\/wp-content\/uploads\/2021\/06\/Image-7-With-String-.jpg\" data-link=\"http:\/\/yourecofactory.com\/beeswax-wraps\/image-7-with-string\/\" class=\"wp-image-707\" srcset=\"https:\/\/yourecofactory.com\/wp-content\/uploads\/2021\/06\/Image-7-With-String--1024x1024.jpg 1024w, https:\/\/yourecofactory.com\/wp-content\/uploads\/2021\/06\/Image-7-With-String--300x300.jpg 300w, https:\/\/yourecofactory.com\/wp-content\/uploads\/2021\/06\/Image-7-With-String--150x150.jpg 150w, https:\/\/yourecofactory.com\/wp-content\/uploads\/2021\/06\/Image-7-With-String--768x768.jpg 768w, https:\/\/yourecofactory.com\/wp-content\/uploads\/2021\/06\/Image-7-With-String-.jpg 1500w\" sizes=\"(max-width: 1024px) 100vw, 1024px\" \/><\/figure><\/li><\/ul><\/figure>\n\n\n\n<p class=\"has-text-align-center has-larger-font-size\"><strong>Dostupn\u00e9 na <a rel=\"noreferrer noopener\" href=\"https:\/\/www.amazon.de\/dp\/B08FJH32HB\/\" target=\"_blank\">AMAZON<\/a> Nemecko.<\/strong><\/p>\n\n\n\n<p class=\"has-text-align-center\">Pred nieko\u013ek\u00fdmi t\u00fd\u017ed\u0148ami sme \u00faspe\u0161ne <strong>expandovali do Severnej Ameriky<\/strong>, tak\u017ee na\u0161e obr\u00fasky z v\u010delieho vosku s\u00fa k dispoz\u00edcii aj na\u0161im z\u00e1kazn\u00edkom v Severnej Amerike.<\/p>\n\n\n\n<figure class=\"wp-block-image size-large\"><img loading=\"lazy\" decoding=\"async\" width=\"1024\" height=\"1024\" src=\"https:\/\/yourecofactory.com\/wp-content\/uploads\/2021\/06\/Image-2-Content-EN-1024x1024.jpg\" alt=\"V\u010delobaly\" class=\"wp-image-712\" srcset=\"https:\/\/yourecofactory.com\/wp-content\/uploads\/2021\/06\/Image-2-Content-EN-1024x1024.jpg 1024w, https:\/\/yourecofactory.com\/wp-content\/uploads\/2021\/06\/Image-2-Content-EN-300x300.jpg 300w, https:\/\/yourecofactory.com\/wp-content\/uploads\/2021\/06\/Image-2-Content-EN-150x150.jpg 150w, https:\/\/yourecofactory.com\/wp-content\/uploads\/2021\/06\/Image-2-Content-EN-768x768.jpg 768w, https:\/\/yourecofactory.com\/wp-content\/uploads\/2021\/06\/Image-2-Content-EN.jpg 1500w\" sizes=\"(max-width: 1024px) 100vw, 1024px\" \/><\/figure>\n\n\n\n<p><strong>N\u00e1\u0161 s\u013eub pre V\u00e1s &#8211; <\/strong>budete skuto\u010dne ohromen\u00ed &#8211; rozl\u00fa\u010dte sa s pou\u017e\u00edvan\u00edm plastovej f\u00f3lie &#8211; <strong>nav\u017edy<\/strong>.<\/p>\n\n\n\n<figure class=\"wp-block-image size-large\"><img loading=\"lazy\" decoding=\"async\" width=\"1024\" height=\"1024\" src=\"https:\/\/yourecofactory.com\/wp-content\/uploads\/2021\/06\/Image-4-Easy-Use-EN-1024x1024.jpg\" alt=\"V\u010delobaly\" class=\"wp-image-713\" srcset=\"https:\/\/yourecofactory.com\/wp-content\/uploads\/2021\/06\/Image-4-Easy-Use-EN-1024x1024.jpg 1024w, https:\/\/yourecofactory.com\/wp-content\/uploads\/2021\/06\/Image-4-Easy-Use-EN-300x300.jpg 300w, https:\/\/yourecofactory.com\/wp-content\/uploads\/2021\/06\/Image-4-Easy-Use-EN-150x150.jpg 150w, https:\/\/yourecofactory.com\/wp-content\/uploads\/2021\/06\/Image-4-Easy-Use-EN-768x768.jpg 768w, https:\/\/yourecofactory.com\/wp-content\/uploads\/2021\/06\/Image-4-Easy-Use-EN.jpg 1500w\" sizes=\"(max-width: 1024px) 100vw, 1024px\" \/><\/figure>\n\n\n\n<p class=\"has-text-align-center has-larger-font-size\"><strong>Dostupn\u00e9 na <a rel=\"noreferrer noopener\" href=\"https:\/\/www.amazon.com\/dp\/B0913HVJHK\" target=\"_blank\">AMAZON<\/a> Severn\u00e1 Amerika.<\/strong><\/p>\n\n\n\n<p>Okrem na\u0161ich obr\u00faskov zo v\u010delieho vosku dod\u00e1van\u00fdch v 5 ks setoch pon\u00fakame aj jeden ve\u013ek\u00fd v\u010delobal 33 x 35 cm z <strong>nefarbenej bavlny v pr\u00edrodnej farbe<\/strong>, ktor\u00fd je mo\u017en\u00e9 zak\u00fapi\u0165 tie\u017e na Amazone.<\/p>\n\n\n\n<figure class=\"wp-block-image size-large\"><img loading=\"lazy\" decoding=\"async\" width=\"1024\" height=\"1024\" src=\"https:\/\/yourecofactory.com\/wp-content\/uploads\/2022\/01\/Image-1-Main-image-1-Large-Wrap-EN-V2-1024x1024.jpg\" alt=\"V\u010delobaly\" class=\"wp-image-1001\" srcset=\"https:\/\/yourecofactory.com\/wp-content\/uploads\/2022\/01\/Image-1-Main-image-1-Large-Wrap-EN-V2-1024x1024.jpg 1024w, https:\/\/yourecofactory.com\/wp-content\/uploads\/2022\/01\/Image-1-Main-image-1-Large-Wrap-EN-V2-300x300.jpg 300w, https:\/\/yourecofactory.com\/wp-content\/uploads\/2022\/01\/Image-1-Main-image-1-Large-Wrap-EN-V2-150x150.jpg 150w, https:\/\/yourecofactory.com\/wp-content\/uploads\/2022\/01\/Image-1-Main-image-1-Large-Wrap-EN-V2-768x768.jpg 768w, https:\/\/yourecofactory.com\/wp-content\/uploads\/2022\/01\/Image-1-Main-image-1-Large-Wrap-EN-V2-1536x1536.jpg 1536w, https:\/\/yourecofactory.com\/wp-content\/uploads\/2022\/01\/Image-1-Main-image-1-Large-Wrap-EN-V2-2048x2048.jpg 2048w, https:\/\/yourecofactory.com\/wp-content\/uploads\/2022\/01\/Image-1-Main-image-1-Large-Wrap-EN-V2-1920x1920.jpg 1920w, https:\/\/yourecofactory.com\/wp-content\/uploads\/2022\/01\/Image-1-Main-image-1-Large-Wrap-EN-V2-70x70.jpg 70w\" sizes=\"(max-width: 1024px) 100vw, 1024px\" \/><\/figure>\n\n\n\n<p class=\"has-text-align-center has-larger-font-size\"><strong>Dostupn\u00e9 tie\u017e na <a rel=\"noreferrer noopener\" href=\"https:\/\/www.amazon.com\/dp\/B08BWM2Q93\" target=\"_blank\">AMAZON<\/a> Severn\u00e1 Amerika.<\/strong><\/p>\n","protected":false},"excerpt":{"rendered":"<p>Na\u0161e v\u010delobaly na potraviny boli vyvinut\u00e9 vo \u0160vaj\u010diarsku, s\u00fa FDA a LFGB certifikovan\u00e9 pre styk s potravinami a t\u00fdm zaru\u010dene bezpe\u010dn\u00e9 pre V\u00e1s a Va\u0161u&hellip;<\/p>\n","protected":false},"author":1,"featured_media":0,"parent":0,"menu_order":0,"comment_status":"closed","ping_status":"closed","template":"","meta":{"footnotes":""},"aioseo_notices":[],"_links":{"self":[{"href":"https:\/\/yourecofactory.com\/sk\/wp-json\/wp\/v2\/pages\/687"}],"collection":[{"href":"https:\/\/yourecofactory.com\/sk\/wp-json\/wp\/v2\/pages"}],"about":[{"href":"https:\/\/yourecofactory.com\/sk\/wp-json\/wp\/v2\/types\/page"}],"author":[{"embeddable":true,"href":"https:\/\/yourecofactory.com\/sk\/wp-json\/wp\/v2\/users\/1"}],"replies":[{"embeddable":true,"href":"https:\/\/yourecofactory.com\/sk\/wp-json\/wp\/v2\/comments?post=687"}],"version-history":[{"count":44,"href":"https:\/\/yourecofactory.com\/sk\/wp-json\/wp\/v2\/pages\/687\/revisions"}],"predecessor-version":[{"id":1036,"href":"https:\/\/yourecofactory.com\/sk\/wp-json\/wp\/v2\/pages\/687\/revisions\/1036"}],"wp:attachment":[{"href":"https:\/\/yourecofactory.com\/sk\/wp-json\/wp\/v2\/media?parent=687"}],"curies":[{"name":"wp","href":"https:\/\/api.w.org\/{rel}","templated":true}]}}